{"id":334,"date":"2023-11-24T20:43:32","date_gmt":"2023-11-24T20:43:32","guid":{"rendered":"https:\/\/helpfulcanada.ca\/?page_id=334"},"modified":"2023-11-30T18:48:06","modified_gmt":"2023-11-30T18:48:06","slug":"chercher-un-travail","status":"publish","type":"page","link":"https:\/\/helpfulcanada.ca\/?page_id=334","title":{"rendered":"Chercher un Travail pour Pizza Hut"},"content":{"rendered":"\n<div class=\"wp-block-columns is-layout-flex wp-container-core-columns-is-layout-9d6595d7 wp-block-columns-is-layout-flex\">\n<div class=\"wp-block-column is-layout-flow wp-block-column-is-layout-flow\">\n<figure class=\"wp-block-image size-full\"><img loading=\"lazy\" decoding=\"async\" width=\"225\" height=\"225\" src=\"http:\/\/helpfulcanada.ca\/wp-content\/uploads\/2023\/11\/pizza-Hut.png\" alt=\"\" class=\"wp-image-340\" srcset=\"https:\/\/helpfulcanada.ca\/wp-content\/uploads\/2023\/11\/pizza-Hut.png 225w, https:\/\/helpfulcanada.ca\/wp-content\/uploads\/2023\/11\/pizza-Hut-150x150.png 150w, https:\/\/helpfulcanada.ca\/wp-content\/uploads\/2023\/11\/pizza-Hut-70x70.png 70w, https:\/\/helpfulcanada.ca\/wp-content\/uploads\/2023\/11\/pizza-Hut-125x125.png 125w\" sizes=\"auto, (max-width: 225px) 100vw, 225px\" \/><\/figure>\n<\/div>\n\n\n\n<div class=\"wp-block-column is-layout-flow wp-block-column-is-layout-flow\">\n<p class=\"has-vivid-red-color has-white-background-color has-text-color has-background has-link-color has-large-font-size wp-elements-71d28b19c09db0f75eba27bc06a0e7ca\"><strong>(termin\u00e9)<\/strong><\/p>\n\n\n\n<p><strong>Offres d&#8217;emploi disponibles chez Pizza Hut :<\/strong> <\/p>\n\n\n\n<p>Les nouveaux restaurants Pizza Hut ouvriront leurs portes prochainement, et nous sommes \u00e0 la recherche de personnel bilingue et \u00e9nergique pour garantir une exp\u00e9rience exceptionnelle \u00e0 nos clients. Nous invitons des individus dynamiques et pr\u00eats \u00e0 relever des d\u00e9fis \u00e0 rejoindre notre \u00e9quipe. Diverses opportunit\u00e9s sont disponibles chez Pizza Hut, telles que les postes de G\u00e9rant\/Assistant g\u00e9rant, Expert de la p\u00e2te, Repr\u00e9sentants du service \u00e0 la client\u00e8le, Cuisiniers, Livreurs, et bien d&rsquo;autres. <\/p>\n\n\n\n<p class=\"has-vivid-red-color has-text-color has-link-color wp-elements-c02dab1a15426e98aa5a638ab57a3414\"><strong>Le mardi 28 novembre 2023<\/strong>, nous organisons une journ\u00e9e de foire d&#8217;emplois \u00e0 Saint-Laurent.<\/p>\n\n\n\n<p>Nous pr\u00e9voyons l&rsquo;ouverture de nouveaux magasins en d\u00e9cembre et janvier, avec diff\u00e9rentes opportunit\u00e9s d&#8217;emploi dans plusieurs emplacements :<\/p>\n\n\n\n<ul class=\"wp-block-list\">\n<li>Gatineau (Mont-Bleu, Gatineau, QC) : Cherche cuisinier, Cherche g\u00e9rant, Cherche livreur, Cherche caissi\u00e8re<\/li>\n\n\n\n<li>Ottawa (1032 Rue Notre-Dame, Embrun, ON K0A 1W0) : Cherche cuisinier, Cherche livreur (nouveau magasin en janvier)<\/li>\n\n\n\n<li>Sainte-Agathe-des-Monts, QC : Cherche cuisinier, Cherche g\u00e9rant, Cherche livreur, Cherche caissi\u00e8re<\/li>\n<\/ul>\n\n\n\n<p>Les entrevues en groupe auront lieu le mardi prochain, le 28 novembre 2023, au bureau d&rsquo;Ottawa Saint-Laurent. Si deux ou trois candidats r\u00e9sident \u00e0 Montr\u00e9al, l&rsquo;entrevue sera r\u00e9alis\u00e9e en ligne pour leur commodit\u00e9. Dans le cas contraire, nous pr\u00e9voyons organiser une journ\u00e9e d&rsquo;entrevues \u00e0 Montr\u00e9al prochainement.<\/p>\n\n\n\n<p>Vos candidatures seront conserv\u00e9es pour d&rsquo;\u00e9ventuels postes disponibles et opportunit\u00e9s de travail \u00e0 venir.\u00a0\u00bb<\/p>\n<\/div>\n<\/div>\n","protected":false},"excerpt":{"rendered":"<p>(termin\u00e9) Offres d&#8217;emploi disponibles chez Pizza Hut : Les nouveaux restaurants Pizza Hut ouvriront leurs portes prochainement, et nous sommes &hellip; <\/p>\n","protected":false},"author":1,"featured_media":0,"parent":0,"menu_order":0,"comment_status":"closed","ping_status":"closed","template":"","meta":{"footnotes":""},"categories":[],"tags":[],"class_list":["post-334","page","type-page","status-publish","hentry"],"_links":{"self":[{"href":"https:\/\/helpfulcanada.ca\/index.php?rest_route=\/wp\/v2\/pages\/334","targetHints":{"allow":["GET"]}}],"collection":[{"href":"https:\/\/helpfulcanada.ca\/index.php?rest_route=\/wp\/v2\/pages"}],"about":[{"href":"https:\/\/helpfulcanada.ca\/index.php?rest_route=\/wp\/v2\/types\/page"}],"author":[{"embeddable":true,"href":"https:\/\/helpfulcanada.ca\/index.php?rest_route=\/wp\/v2\/users\/1"}],"replies":[{"embeddable":true,"href":"https:\/\/helpfulcanada.ca\/index.php?rest_route=%2Fwp%2Fv2%2Fcomments&post=334"}],"version-history":[{"count":10,"href":"https:\/\/helpfulcanada.ca\/index.php?rest_route=\/wp\/v2\/pages\/334\/revisions"}],"predecessor-version":[{"id":352,"href":"https:\/\/helpfulcanada.ca\/index.php?rest_route=\/wp\/v2\/pages\/334\/revisions\/352"}],"wp:attachment":[{"href":"https:\/\/helpfulcanada.ca\/index.php?rest_route=%2Fwp%2Fv2%2Fmedia&parent=334"}],"wp:term":[{"taxonomy":"category","embeddable":true,"href":"https:\/\/helpfulcanada.ca\/index.php?rest_route=%2Fwp%2Fv2%2Fcategories&post=334"},{"taxonomy":"post_tag","embeddable":true,"href":"https:\/\/helpfulcanada.ca\/index.php?rest_route=%2Fwp%2Fv2%2Ftags&post=334"}],"curies":[{"name":"wp","href":"https:\/\/api.w.org\/{rel}","templated":true}]}}